{"id":1849,"date":"2025-07-04T09:32:27","date_gmt":"2025-07-04T09:32:27","guid":{"rendered":"https:\/\/geschichtswerkstatt-degerloch.de\/aktuelles\/?page_id=1849"},"modified":"2025-07-04T09:32:28","modified_gmt":"2025-07-04T09:32:28","slug":"impressum-datenschutz","status":"publish","type":"page","link":"https:\/\/geschichtswerkstatt-degerloch.de\/aktuelles\/impressum-datenschutz","title":{"rendered":"Impressum \/ Datenschutz"},"content":{"rendered":"<header class=\"entry-header\">\n<header class=\"entry-header\">\n<h1 class=\"entry-title\">Impressum<\/h1>\n<\/header>\n<div class=\"entry-content\">\n<p><strong>Verantwortlich f\u00fcr den Inhalt der Webseiten\u00a0<\/strong><strong><a href=\"https:\/\/geschichtswerkstatt-degerloch.de\/\" target=\"_blank\" rel=\"noopener\">geschichtswerkstatt-degerloch.de<\/a>\u00a0und\u00a0<a href=\"http:\/\/gwddokumente.de\/\" target=\"_blank\" rel=\"noopener\">gwddokumente.de<\/a>\u00a0<\/strong><strong>im Sinne vom \u00a7 10 Abs. 3 MDStV:<\/strong><br \/>\nDr. Bertram Maurer, M\u00fchlrain 1,\u00a070180 Stuttgart<br \/>\nMail: info@geschichtswerkstatt-degerloch.de<\/p>\n<p><strong>Webmaster:<\/strong><br \/>\nN. M\u00fcller, Hoffeldstr. 233, 70597 Stuttgart<\/p>\n<p><strong>Urheberrechtsnachweis (Copyright)<\/strong><br \/>\nAlle auf diesen Internetseiten\u00a0<a href=\"https:\/\/geschichtswerkstatt-degerloch.de\/\" target=\"_blank\" rel=\"noopener\">geschichtswerkstatt-degerloch.de<\/a>\u00a0und\u00a0<a href=\"http:\/\/gwddokumente.de\/\" target=\"_blank\" rel=\"noopener\">gwddokumente.de<\/a>\u00a0ver\u00f6ffentlichten Beitr\u00e4ge, Abbildungen und Daten sind urheberrechtlich gesch\u00fctzt. Sie d\u00fcrfen nur mit Zustimmung der Geschichtswerkstatt Degerloch e.V. ver\u00e4ndert, vervielf\u00e4ltigt, in Vervielf\u00e4ltigungen an Dritte abgegeben oder zu \u00f6ffentlichen Wiedergaben verwendet werden. Als Quelle ist die Geschichtswerkstatt Degerloch e.V. zu nennen, soweit m\u00f6glich mit Angabe des Bearbeitungsdatums. Wir freuen uns \u00fcber Link-Verweise auf unsere Internetseiten und bitten insoweit um eine Information.<\/p>\n<p><strong>Haftungsausschluss<\/strong><br \/>\nDieses Internetangebot wird von der Geschichtswerkstatt Degerloch e.V. mit Sorgfalt erstellt und gepflegt. Dennoch k\u00f6nnen wir f\u00fcr die Vollst\u00e4ndigkeit, die Richtigkeit und die Aktualit\u00e4t der dargestellten Daten keine Gew\u00e4hr \u00fcbernehmen. F\u00fcr Sch\u00e4den, die sich aus der Verwendung der abgerufenen Informationen ergeben, wird keine Haftung \u00fcbernommen.<\/p>\n<p><strong>Haftungsausschluss f\u00fcr Links<\/strong><br \/>\nDie Webseiten der Geschichtswerkstatt Degerloch e.V. enthalten Links zu Webseiten, die von Dritten betrieben werden. Die Geschichtswerkstatt Degerloch e.V. macht sich die durch Links erreichbaren Seiten Dritter nicht zu Eigen und ist f\u00fcr deren Inhalte nicht verantwortlich.<\/p>\n<\/div>\n<h1><\/h1>\n<h1 class=\"entry-title\">Datenschutz<\/h1>\n<\/header>\n<div class=\"entry-content\">\n<h3><strong>Statify \u2013 das Statistikmodul<br \/>\n<\/strong><\/h3>\n<p>Statify bietet eine unkomplizierte und kompakte \u00dcbersicht \u00fcber die Anzahl der Seitenaufrufe an.\u00a0Es ist konform zu deutschem Datenschutzrecht, da es weder Cookies noch einen Drittanbieter nutzt.<\/p>\n<p>Au\u00dfer einem interaktiven Diagramm gibt es Listen der h\u00e4ufigsten Quellen und Zielseiten. Der Zeitraum der Statistiken und die L\u00e4nge der Listen kann direkt im Dashboard Widget eingestellt werden.<\/p>\n<p><strong>Datenschutz bei Statify<br \/>\n<\/strong><\/p>\n<p>Im direkten Vergleich mit Statistikdiensten wie\u00a0<em>Google Analytics<\/em>,\u00a0<em>WordPress.com Stats<\/em>\u00a0und\u00a0<em>Matomo (Piwik)<\/em>\u00a0verarbeitet und speichert\u00a0<em>Statify<\/em>\u00a0keine personenbezogenen Daten wie IP-Adressen \u2013\u00a0<em>Statify<\/em>\u00a0z\u00e4hlt Aufrufe, keine Besucher.<\/p>\n<p>V\u00f6llige Datenschutzkonformit\u00e4t gepaart mit transparenten Prozeduren: Eine in der lokalen WordPress-Installation angelegte Datenbank-Tabelle besteht aus nur 4 Feldern (ID, Datum, Herkunft, Ziel) und kann jederzeit durch den Administrator angezeigt, aufger\u00e4umt und geleert werden.<\/p>\n<p>Aufgrund dieser Funktionsweise erf\u00fcllt Statify alle Anforderungen der DSGVO und ist eine Alternative zu anderen Tracking-Diensten.<\/p>\n<\/div>\n","protected":false},"excerpt":{"rendered":"<p>Impressum Verantwortlich f\u00fcr den Inhalt der Webseiten\u00a0geschichtswerkstatt-degerloch.de\u00a0und\u00a0gwddokumente.de\u00a0im Sinne vom \u00a7 10 Abs. 3 MDStV: Dr. Bertram Maurer, M\u00fchlrain 1,\u00a070180 Stuttgart Mail: info@geschichtswerkstatt-degerloch.de Webmaster: N. M\u00fcller, Hoffeldstr. 233, 70597 Stuttgart Urheberrechtsnachweis (Copyright) Alle auf diesen Internetseiten\u00a0geschichtswerkstatt-degerloch.de\u00a0und\u00a0gwddokumente.de\u00a0ver\u00f6ffentlichten Beitr\u00e4ge, Abbildungen und Daten sind urheberrechtlich gesch\u00fctzt. Sie d\u00fcrfen nur mit Zustimmung der Geschichtswerkstatt Degerloch e.V. ver\u00e4ndert, vervielf\u00e4ltigt, in Vervielf\u00e4ltigungen an Dritte abgegeben oder zu \u00f6ffentlichen Wiedergaben verwendet werden. Als Quelle ist die Geschichtswerkstatt Degerloch&hellip;<\/p>\n","protected":false},"author":1,"featured_media":0,"parent":0,"menu_order":0,"comment_status":"closed","ping_status":"closed","template":"","meta":{"footnotes":""},"class_list":["post-1849","page","type-page","status-publish","hentry","no-post-thumbnail"],"_links":{"self":[{"href":"https:\/\/geschichtswerkstatt-degerloch.de\/aktuelles\/wp-json\/wp\/v2\/pages\/1849","targetHints":{"allow":["GET"]}}],"collection":[{"href":"https:\/\/geschichtswerkstatt-degerloch.de\/aktuelles\/wp-json\/wp\/v2\/pages"}],"about":[{"href":"https:\/\/geschichtswerkstatt-degerloch.de\/aktuelles\/wp-json\/wp\/v2\/types\/page"}],"author":[{"embeddable":true,"href":"https:\/\/geschichtswerkstatt-degerloch.de\/aktuelles\/wp-json\/wp\/v2\/users\/1"}],"replies":[{"embeddable":true,"href":"https:\/\/geschichtswerkstatt-degerloch.de\/aktuelles\/wp-json\/wp\/v2\/comments?post=1849"}],"version-history":[{"count":1,"href":"https:\/\/geschichtswerkstatt-degerloch.de\/aktuelles\/wp-json\/wp\/v2\/pages\/1849\/revisions"}],"predecessor-version":[{"id":1851,"href":"https:\/\/geschichtswerkstatt-degerloch.de\/aktuelles\/wp-json\/wp\/v2\/pages\/1849\/revisions\/1851"}],"wp:attachment":[{"href":"https:\/\/geschichtswerkstatt-degerloch.de\/aktuelles\/wp-json\/wp\/v2\/media?parent=1849"}],"curies":[{"name":"wp","href":"https:\/\/api.w.org\/{rel}","templated":true}]}}